{"id":1792,"date":"2025-02-13T14:13:54","date_gmt":"2025-02-13T12:13:54","guid":{"rendered":"https:\/\/cosmicshepherdess.com\/privaatsuspoliitika\/"},"modified":"2025-04-15T17:22:53","modified_gmt":"2025-04-15T14:22:53","slug":"privaatsuspoliitika","status":"publish","type":"page","link":"https:\/\/cosmicshepherdess.com\/et\/privaatsuspoliitika\/","title":{"rendered":"Privaatsuspoliitika"},"content":{"rendered":"\t\t<div data-elementor-type=\"wp-page\" data-elementor-id=\"1792\" class=\"elementor elementor-1792 elementor-3\" data-elementor-post-type=\"page\">\n\t\t\t\t<div class=\"elementor-element elementor-element-669b854 e-flex e-con-boxed e-con e-parent\" data-id=\"669b854\" data-element_type=\"container\" data-e-type=\"container\">\n\t\t\t\t\t<div class=\"e-con-inner\">\n\t\t\t\t<div class=\"elementor-element elementor-element-b04f8cc elementor-widget elementor-widget-heading\" data-id=\"b04f8cc\" data-element_type=\"widget\" data-e-type=\"widget\" data-widget_type=\"heading.default\">\n\t\t\t\t<div class=\"elementor-widget-container\">\n\t\t\t\t\t<h2 class=\"elementor-heading-title elementor-size-default\">Privaatsuspoliitika  <\/h2>\t\t\t\t<\/div>\n\t\t\t\t<\/div>\n\t\t\t\t\t<\/div>\n\t\t\t\t<\/div>\n\t\t<div class=\"elementor-element elementor-element-2fdd9264 e-flex e-con-boxed e-con e-parent\" data-id=\"2fdd9264\" data-element_type=\"container\" data-e-type=\"container\">\n\t\t\t\t\t<div class=\"e-con-inner\">\n\t\t\t\t<div class=\"elementor-element elementor-element-60a91be0 elementor-widget elementor-widget-text-editor\" data-id=\"60a91be0\" data-element_type=\"widget\" data-e-type=\"widget\" data-widget_type=\"text-editor.default\">\n\t\t\t\t<div class=\"elementor-widget-container\">\n\t\t\t\t\t\t\t\t\t\n<div class=\"flex max-w-full flex-col flex-grow\">\n<div class=\"min-h-8 text-message flex w-full flex-col items-end gap-2 whitespace-normal break-words text-start [.text-message+&amp;]:mt-5\" dir=\"auto\" data-message-author-role=\"assistant\" data-message-id=\"e5c9e812-68cd-425a-8cb9-5f06e4c345c4\" data-message-model-slug=\"o3-mini-high\">\n<div class=\"flex w-full flex-col gap-1 empty:hidden first:pt-[3px]\">\n<div class=\"markdown prose w-full break-words dark:prose-invert light\">\n<p data-start=\"20\" data-end=\"854\"><strong data-start=\"20\" data-end=\"42\">\u00dclds\u00e4tted<\/strong><\/p>\n<p data-start=\"20\" data-end=\"854\">1.1. K\u00e4esolev privaatsuspoliitika reguleerib isikuandmete kogumise, t\u00f6\u00f6tlemise ja s\u00e4ilitamise p\u00f5him\u00f5tteid. Isikuandmeid kogub, t\u00f6\u00f6tleb ja s\u00e4ilitab vastutav andmet\u00f6\u00f6tleja O\u00dc Celeht (edaspidi \"andmet\u00f6\u00f6tleja\").<br data-start=\"306\" data-end=\"309\">1.2. Isikuandmete t\u00f6\u00f6tlemise eest vastutab O\u00dc Celeht. K\u00e4esoleva privaatsuspoliitika kontekstis on andmesubjekt klient v\u00f5i muu f\u00fc\u00fcsiline isik, kelle isikuandmeid volitatud t\u00f6\u00f6tleja t\u00f6\u00f6tleb.<br data-start=\"459\" data-end=\"462\">1.3. Andmete t\u00f6\u00f6tleja on vastutav t\u00f6\u00f6tleja. K\u00e4esoleva privaatsuspoliitika kontekstis on klient iga\u00fcks, kes ostab kaupu v\u00f5i teenuseid andmet\u00f6\u00f6tleja veebisaidilt.<br data-start=\"591\" data-end=\"594\">1.4. Andmet\u00f6\u00f6tleja on vastutav t\u00f6\u00f6tleja. Andmet\u00f6\u00f6tleja j\u00e4rgib seadusega kehtestatud andmet\u00f6\u00f6tlusp\u00f5him\u00f5tteid, sealhulgas t\u00f6\u00f6tleb isikuandmeid seaduslikult, \u00f5iglaselt ja turvaliselt. Andmet\u00f6\u00f6tleja v\u00f5ib kinnitada, et isikuandmeid on t\u00f6\u00f6deldud vastavalt seadusest tulenevatele n\u00f5uetele.     <\/p>\n<p data-start=\"856\" data-end=\"1824\"><strong data-start=\"856\" data-end=\"917\">2. Isikuandmete kogumine, t\u00f6\u00f6tlemine ja s\u00e4ilitamine<\/strong><br data-start=\"917\" data-end=\"920\">2.1. Isikuandmed, mida andmet\u00f6\u00f6tleja kogub, t\u00f6\u00f6tleb ja s\u00e4ilitab, on kogutud elektrooniliselt, peamiselt veebilehe ja e-posti teel.<br data-start=\"1070\" data-end=\"1073\">2.2. Isikuandmete kogumine ja s\u00e4ilitamine toimub elektrooniliselt. Andmesubjekt annab oma isikuandmete jagamisega andmet\u00f6\u00f6tlejale \u00f5iguse koguda, korrastada, kasutada ja hallata isikuandmeid k\u00e4esolevas privaatsuspoliitikas m\u00e4\u00e4ratletud eesm\u00e4rkidel, mida andmesubjekt annab otse v\u00f5i kaudselt, kui ta ostab veebilehel kaupu v\u00f5i teenuseid.<br data-start=\"1372\" data-end=\"1375\">2.3. Andmesubjekt annab oma isikuandmeid otse v\u00f5i kaudselt. Andmesubjekt vastutab selle eest, et esitatud andmed oleksid t\u00e4psed, \u00f5iged ja t\u00e4ielikud. Tahtlikult valeandmete esitamist k\u00e4sitatakse k\u00e4esoleva privaatsuspoliitika rikkumisena. Andmesubjekt on kohustatud viivitamatult teavitama andmet\u00f6\u00f6tlejat k\u00f5igist esitatud andmete muudatustest.<br data-start=\"1668\" data-end=\"1671\">2.4. Andmet\u00f6\u00f6tleja ei vastuta kahju eest, mida andmesubjekt v\u00f5i kolmandad isikud kannavad andmesubjekti poolt valeandmete esitamise t\u00f5ttu.      <\/p>\n<p data-start=\"1826\" data-end=\"5040\"><strong data-start=\"1826\" data-end=\"1869\">3. Klientide isikuandmete t\u00f6\u00f6tlemine<\/strong><br data-start=\"1869\" data-end=\"1872\">3.1. Andmet\u00f6\u00f6tleja v\u00f5ib t\u00f6\u00f6delda j\u00e4rgmisi andmesubjekti isikuandmeid:<br data-start=\"1956\" data-end=\"1959\">3.1.1. Ees- ja perekonnanimi;<br data-start=\"1987\" data-end=\"1990\">3.1.2. Telefoninumber;<br data-start=\"2015\" data-end=\"2018\">3.1.3. e-posti aadress;<br data-start=\"2040\" data-end=\"2043\">3.1.4. K\u00e4ttetoimetamise aadress;<br data-start=\"2068\" data-end=\"2071\">3.1.5. Konto number;<br data-start=\"2094\" data-end=\"2097\">3.2. Lisaks eespool nimetatule on andmet\u00f6\u00f6tlejal \u00f5igus koguda kliendi kohta teavet, mis on k\u00e4ttesaadav avalikes registrites.       <br data-start=\"2240\" data-end=\"2243\">3.3. Isikuandmete t\u00f6\u00f6tlemise \u00f5iguslik alus on isikuandmete kaitse \u00fcldm\u00e4\u00e4ruse (GDPR) artikli 6 l\u00f5ike 1 punktid a, b, c ja f:<br data-start=\"2387\" data-end=\"2390\">a) andmesubjekt on andnud n\u00f5usoleku oma isikuandmete t\u00f6\u00f6tlemiseks \u00fchel v\u00f5i mitmel konkreetsel eesm\u00e4rgil;<br data-start=\"2494\" data-end=\"2497\">b) isikuandmete t\u00f6\u00f6tlemine on vajalik sellise lepingu t\u00e4itmiseks, milles andmesubjekt on lepinguosaline, v\u00f5i lepingu s\u00f5lmimisele eelnevate meetmete v\u00f5tmiseks andmesubjekti taotlusel;<br data-start=\"2706\" data-end=\"2709\">c) isikuandmete t\u00f6\u00f6tlemine on vajalik vastutava t\u00f6\u00f6tleja juriidilise kohustuse t\u00e4itmiseks;<br data-start=\"2829\" data-end=\"2832\">f) isikuandmete t\u00f6\u00f6tlemine on vajalik vastutava t\u00f6\u00f6tleja v\u00f5i kolmanda isiku \u00f5igustatud huvide kaitseks, v\u00e4lja arvatud juhul, kui need huvid on \u00fclimuslikud seoses andmesubjekti huvide v\u00f5i p\u00f5hi\u00f5iguste ja -vabadustega, mis n\u00f5uavad isikuandmete kaitset, eriti kui andmesubjekt on laps;<br data-start=\"3184\" data-end=\"3187\">g) isikuandmete t\u00f6\u00f6tlemine otseturunduse eesm\u00e4rgil.<br data-start=\"3249\" data-end=\"3252\">3.4. Isikuandmete t\u00f6\u00f6tlemine vastavalt t\u00f6\u00f6tlemise eesm\u00e4rgile:<br data-start=\"3324\" data-end=\"3327\">3.4.1. <strong data-start=\"3335\" data-end=\"3368\">Eesm\u00e4rk - turvalisus ja ohutus<\/strong><br data-start=\"3368\" data-end=\"3371\">Isikuandmete maksimaalne s\u00e4ilitamisaeg - vastavalt seaduses s\u00e4testatud t\u00e4htaegadele. <br data-start=\"3470\" data-end=\"3473\">3.4.2. <strong data-start=\"3481\" data-end=\"3511\">Eesm\u00e4rk - tellimuste t\u00f6\u00f6tlemine<\/strong><br data-start=\"3511\" data-end=\"3514\">Isikuandmete maksimaalne s\u00e4ilitamisaeg - vastavalt seaduses s\u00e4testatud t\u00e4htaegadele. <br data-start=\"3613\" data-end=\"3616\">3.4.3. <strong data-start=\"3624\" data-end=\"3681\">Eesm\u00e4rk - e-poe teenuste toimimise tagamine<\/strong><br data-start=\"3681\" data-end=\"3684\">Isikuandmete maksimaalne s\u00e4ilitamisaeg - vastavalt seaduses s\u00e4testatud t\u00e4htaegadele. <br data-start=\"3783\" data-end=\"3786\">3.4.4. <strong data-start=\"3794\" data-end=\"3825\">Eesm\u00e4rk - kliendihaldus<\/strong><br data-start=\"3825\" data-end=\"3828\">Isikuandmete maksimaalne s\u00e4ilitamisaeg - vastavalt seaduses s\u00e4testatud t\u00e4htaegadele. <br data-start=\"3927\" data-end=\"3930\">3.4.5. <strong data-start=\"3938\" data-end=\"3984\">Eesm\u00e4rk - finantstegevus, raamatupidamine<\/strong><br data-start=\"3984\" data-end=\"3987\">Isikuandmete maksimaalne s\u00e4ilitamisaeg - vastavalt seaduses s\u00e4testatud t\u00e4htaegadele. <br data-start=\"4086\" data-end=\"4089\">3.4.6. <strong data-start=\"4097\" data-end=\"4120\">Eesm\u00e4rk - turundus<\/strong><br data-start=\"4120\" data-end=\"4123\">Isikuandmete maksimaalne s\u00e4ilitamisaeg - vastavalt seaduses s\u00e4testatud t\u00e4htaegadele. <br data-start=\"4222\" data-end=\"4225\">3.5. Andmet\u00f6\u00f6tlejal on \u00f5igus jagada klientide isikuandmeid kolmandate isikutega, n\u00e4iteks volitatud andmet\u00f6\u00f6tlejate, raamatupidajate, transpordi- ja kullerfirmade ning \u00fclekandeteenuseid osutavate ettev\u00f5tetega. Andmet\u00f6\u00f6tleja on vastutav andmet\u00f6\u00f6tleja. Maksete t\u00f6\u00f6tlemiseks edastab Andmet\u00f6\u00f6tleja vajalikud isikuandmed volitatud t\u00f6\u00f6tlejale Montonio AS.<br data-start=\"4620\" data-end=\"4623\">3.6. Andmet\u00f6\u00f6tleja rakendab andmesubjekti isikuandmete t\u00f6\u00f6tlemisel ja s\u00e4ilitamisel organisatsioonilisi ja tehnilisi meetmeid, et tagada isikuandmete kaitse juhusliku v\u00f5i ebaseadusliku h\u00e4vitamise, muutmise, avalikustamise ja muu ebaseadusliku t\u00f6\u00f6tlemise eest.<br data-start=\"4907\" data-end=\"4910\">3.7. Andmet\u00f6\u00f6tleja on kohustatud tagama, et isikuandmed on kaitstud juhusliku v\u00f5i ebaseadusliku h\u00e4vitamise, muutmise, avalikustamise ja muu ebaseadusliku t\u00f6\u00f6tlemise eest. Andmet\u00f6\u00f6tleja s\u00e4ilitab andmesubjektide andmeid s\u00f5ltuvalt t\u00f6\u00f6tlemise eesm\u00e4rgist, kuid mitte kauem kui 15 aastat.    <\/p>\n<p data-start=\"5042\" data-end=\"6557\"><strong data-start=\"5042\" data-end=\"5100\">4. K\u00fcpsiste kasutamine cosmicshepherdess.com veebilehel<\/strong><br data-start=\"5100\" data-end=\"5103\">Cosmicshepherdess.com kasutab k\u00fcpsiseid veebilehe toimimiseks ja k\u00fclastajatele parema kasutajakogemuse pakkumiseks. K\u00fcpsised on v\u00e4ikesed tekstifailid, mis salvestatakse teie arvutisse v\u00f5i mobiilseadmesse, kui k\u00fclastate veebisaite. K\u00fcpsised aitavad meil anal\u00fc\u00fcsida k\u00fclastajate k\u00e4itumist veebisaidil, pakkuda personaliseeritud sisu ja reklaami ning parandada \u00fcldist veebikogemust.<br data-start=\"5468\" data-end=\"5471\">4.1. <strong data-start=\"5476\" data-end=\"5509\">N\u00f5usolek k\u00fcpsiste kasutamiseks<\/strong><br data-start=\"5509\" data-end=\"5512\">K\u00fclastades veebilehte cosmicshepherdess.com, n\u00f5ustute k\u00fcpsiste kasutamisega vastavalt k\u00e4esolevale privaatsuspoliitikale. Te v\u00f5ite igal ajal muuta k\u00fcpsiste kasutamist oma veebilehitseja seadete kaudu v\u00f5i loobuda k\u00fcpsiste kasutamisest t\u00e4ielikult. Pange t\u00e4hele, et k\u00fcpsiste keelamine v\u00f5ib m\u00f5jutada teie veebikogemust ja veebilehe teatud funktsioonide toimimist.<br data-start=\"5872\" data-end=\"5875\">4.2. <strong data-start=\"5880\" data-end=\"5937\">K\u00fcpsiste t\u00fc\u00fcbid veebilehel cosmicshepherdess.<\/strong>com<br data-start=\"5937\" data-end=\"5940\">4.2.1. <strong data-start=\"5948\" data-end=\"5970\">Vajalikud k\u00fcpsised:<\/strong> Need k\u00fcpsised on olulised veebisaidi p\u00f5hifunktsioonide jaoks, v\u00f5imaldades teil navigeerida ja kasutada selle funktsioone. Need ei kogu isikuandmeid.<br data-start=\"6127\" data-end=\"6130\">4.2.2. <strong data-start=\"6138\" data-end=\"6161\">Funktsionaalsed k\u00fcpsised:<\/strong> Need k\u00fcpsised v\u00f5imaldavad meil meeles pidada teie eelistusi ja parandada veebisaidi funktsionaalsust.<br data-start=\"6255\" data-end=\"6258\">4.2.3. <strong data-start=\"6266\" data-end=\"6289\">Anal\u00fc\u00fctilised k\u00fcpsised:<\/strong> Need k\u00fcpsised aitavad meil koguda teavet selle kohta, kuidas k\u00fclastajad veebilehte kasutavad, et saaksime oma veebilehte t\u00e4iustada ja kohandada.<br data-start=\"6410\" data-end=\"6413\">Kui teil on k\u00fcsimusi seoses k\u00fcpsiste kasutamisega veebilehel cosmicshepherdess.com, v\u00f5tke meiega \u00fchendust aadressil <a rel=\"noopener\" data-start=\"6527\" data-end=\"6556\">cosmicshepherdess@outlook.com<\/a>.     <\/p>\n<p data-start=\"6559\" data-end=\"7304\"><strong data-start=\"6559\" data-end=\"6589\">5. Andmesubjekti \u00f5igused<\/strong><br data-start=\"6589\" data-end=\"6592\">5.1. Andmesubjektil on \u00f5igus tutvuda oma isikuandmetega ja neid kontrollida.<br data-start=\"6669\" data-end=\"6672\">5.2. Andmesubjektil on \u00f5igus saada teavet oma isikuandmete t\u00f6\u00f6tlemise kohta.<br data-start=\"6779\" data-end=\"6782\">5.3. Andmesubjektil on \u00f5igus t\u00e4iendada v\u00f5i parandada ebat\u00e4pseid andmeid.<br data-start=\"6859\" data-end=\"6862\">5.4. Kui andmet\u00f6\u00f6tleja t\u00f6\u00f6tleb andmesubjekti isikuandmeid andmesubjekti n\u00f5usoleku alusel, on andmesubjektil \u00f5igus see n\u00f5usolek igal ajal tagasi v\u00f5tta.<br data-start=\"7049\" data-end=\"7052\">5.5. Kui andmet\u00f6\u00f6tleja t\u00f6\u00f6tleb andmesubjekti isikuandmeid andmesubjekti n\u00f5usoleku alusel, on andmesubjektil \u00f5igus seda n\u00f5usolekut igal ajal tagasi v\u00f5tta. 5.5. Nende \u00f5iguste kasutamiseks v\u00f5ib andmesubjekt v\u00f5tta \u00fchendust e-poe klienditoega aadressil <a rel=\"noopener\" data-start=\"7145\" data-end=\"7174\">cosmicshepherdess@outlook.com.<\/a><br data-start=\"7175\" data-end=\"7178\">5.6. Samuti on andmesubjektil \u00f5igus esitada kaebus andmekaitseinspektsioonile oma \u00f5iguste kaitsmiseks.      <\/p>\n<p data-start=\"7306\" data-end=\"7966\" data-is-last-node=\"\" data-is-only-node=\"\"><strong data-start=\"7306\" data-end=\"7326\">6. L\u00f5pps\u00e4tted<\/strong><br data-start=\"7326\" data-end=\"7329\">6.1. K\u00e4esolevad andmekaitsetingimused on koostatud koosk\u00f5las Euroopa Parlamendi ja n\u00f5ukogu m\u00e4\u00e4rusega (EL) 2016\/679 f\u00fc\u00fcsiliste isikute kaitse kohta isikuandmete t\u00f6\u00f6tlemisel ja selliste andmete vaba liikumise ning direktiivi 95\/46\/E\u00dc (isikuandmete kaitse \u00fcldm\u00e4\u00e4rus) kehtetuks tunnistamise kohta, Eesti isikuandmete kaitse seadusega ning Eesti Vabariigi ja Euroopa Liidu \u00f5igusaktidega.<br data-start=\"7781\" data-end=\"7784\">6.2. Andmekaitsetingimused on koostatud koosk\u00f5las Euroopa Parlamendi ja n\u00f5ukogu m\u00e4\u00e4rusega (EL) 2016\/679 f\u00fc\u00fcsiliste isikute kaitse kohta isikuandmete t\u00f6\u00f6tlemisel ja selliste andmete vaba liikumise ning direktiivi 95\/46\/E\u00dc (isikuandmete kaitse \u00fcldm\u00e4\u00e4rus) kehtetuks tunnistamise kohta. Andmet\u00f6\u00f6tleja j\u00e4tab endale \u00f5iguse muuta osaliselt v\u00f5i t\u00e4ielikult k\u00e4esolevaid andmekaitse tingimusi, teavitades andmesubjekte muudatustest veebilehe <a href=\"http:\/\/www.cosmicshepherdess.com\/\" target=\"_new\" rel=\"noopener\" data-start=\"7939\" data-end=\"7965\">www.cosmicshepherdess.com\/ kaudu .<\/a>  <\/p>\n<\/div>\n<\/div>\n<\/div>\n<\/div>\t\t\t\t\t\t\t\t<\/div>\n\t\t\t\t<\/div>\n\t\t\t\t\t<\/div>\n\t\t\t\t<\/div>\n\t\t\t\t<\/div>\n\t\t","protected":false},"excerpt":{"rendered":"<p>Privaatsuspoliitika \u00dclds\u00e4tted 1.1. K\u00e4esolev privaatsuspoliitika reguleerib isikuandmete kogumise, t\u00f6\u00f6tlemise ja s\u00e4ilitamise p\u00f5him\u00f5tteid. Isikuandmeid kogub, t\u00f6\u00f6tleb ja s\u00e4ilitab vastutav andmet\u00f6\u00f6tleja O\u00dc Celeht (edaspidi \"andmet\u00f6\u00f6tleja\").1.2. Isikuandmete t\u00f6\u00f6tlemise eest vastutab O\u00dc Celeht. K\u00e4esoleva privaatsuspoliitika kontekstis on andmesubjekt klient v\u00f5i muu f\u00fc\u00fcsiline isik, kelle isikuandmeid volitatud t\u00f6\u00f6tleja t\u00f6\u00f6tleb.1.3. Andmete t\u00f6\u00f6tleja on vastutav t\u00f6\u00f6tleja. K\u00e4esoleva privaatsuspoliitika kontekstis on klient iga\u00fcks, [&hellip;]<\/p>\n","protected":false},"author":1,"featured_media":0,"parent":0,"menu_order":0,"comment_status":"closed","ping_status":"open","template":"","meta":{"_surecart_dashboard_logo_width":"180px","_surecart_dashboard_show_logo":true,"_surecart_dashboard_navigation_orders":true,"_surecart_dashboard_navigation_invoices":true,"_surecart_dashboard_navigation_subscriptions":true,"_surecart_dashboard_navigation_downloads":true,"_surecart_dashboard_navigation_billing":true,"_surecart_dashboard_navigation_account":true,"footnotes":""},"class_list":["post-1792","page","type-page","status-publish","hentry"],"yoast_head":"<!-- This site is optimized with the Yoast SEO plugin v26.8 - https:\/\/yoast.com\/product\/yoast-seo-wordpress\/ -->\n<title>Privaatsuspoliitika | Cosmic Shepherdess<\/title>\n<meta name=\"robots\" content=\"index, follow, max-snippet:-1, max-image-preview:large, max-video-preview:-1\" \/>\n<link rel=\"canonical\" href=\"https:\/\/cosmicshepherdess.com\/et\/privaatsuspoliitika\/\" \/>\n<meta property=\"og:locale\" content=\"et_EE\" \/>\n<meta property=\"og:type\" content=\"article\" \/>\n<meta property=\"og:title\" content=\"Privaatsuspoliitika | Cosmic Shepherdess\" \/>\n<meta property=\"og:description\" content=\"Privaatsuspoliitika \u00dclds\u00e4tted 1.1. K\u00e4esolev privaatsuspoliitika reguleerib isikuandmete kogumise, t\u00f6\u00f6tlemise ja s\u00e4ilitamise p\u00f5him\u00f5tteid. Isikuandmeid kogub, t\u00f6\u00f6tleb ja s\u00e4ilitab vastutav andmet\u00f6\u00f6tleja O\u00dc Celeht (edaspidi &quot;andmet\u00f6\u00f6tleja&quot;).1.2. Isikuandmete t\u00f6\u00f6tlemise eest vastutab O\u00dc Celeht. K\u00e4esoleva privaatsuspoliitika kontekstis on andmesubjekt klient v\u00f5i muu f\u00fc\u00fcsiline isik, kelle isikuandmeid volitatud t\u00f6\u00f6tleja t\u00f6\u00f6tleb.1.3. Andmete t\u00f6\u00f6tleja on vastutav t\u00f6\u00f6tleja. K\u00e4esoleva privaatsuspoliitika kontekstis on klient iga\u00fcks, [&hellip;]\" \/>\n<meta property=\"og:url\" content=\"https:\/\/cosmicshepherdess.com\/et\/privaatsuspoliitika\/\" \/>\n<meta property=\"og:site_name\" content=\"Cosmic Shepherdess\" \/>\n<meta property=\"article:modified_time\" content=\"2025-04-15T14:22:53+00:00\" \/>\n<meta name=\"twitter:card\" content=\"summary_large_image\" \/>\n<meta name=\"twitter:label1\" content=\"Est. reading time\" \/>\n\t<meta name=\"twitter:data1\" content=\"5 minutit\" \/>\n<script type=\"application\/ld+json\" class=\"yoast-schema-graph\">{\"@context\":\"https:\/\/schema.org\",\"@graph\":[{\"@type\":\"WebPage\",\"@id\":\"https:\/\/cosmicshepherdess.com\/et\/privaatsuspoliitika\/\",\"url\":\"https:\/\/cosmicshepherdess.com\/et\/privaatsuspoliitika\/\",\"name\":\"Privaatsuspoliitika | Cosmic Shepherdess\",\"isPartOf\":{\"@id\":\"https:\/\/cosmicshepherdess.com\/et\/#website\"},\"datePublished\":\"2025-02-13T12:13:54+00:00\",\"dateModified\":\"2025-04-15T14:22:53+00:00\",\"breadcrumb\":{\"@id\":\"https:\/\/cosmicshepherdess.com\/et\/privaatsuspoliitika\/#breadcrumb\"},\"inLanguage\":\"et\",\"potentialAction\":[{\"@type\":\"ReadAction\",\"target\":[\"https:\/\/cosmicshepherdess.com\/et\/privaatsuspoliitika\/\"]}]},{\"@type\":\"BreadcrumbList\",\"@id\":\"https:\/\/cosmicshepherdess.com\/et\/privaatsuspoliitika\/#breadcrumb\",\"itemListElement\":[{\"@type\":\"ListItem\",\"position\":1,\"name\":\"Home\",\"item\":\"https:\/\/cosmicshepherdess.com\/et\/\"},{\"@type\":\"ListItem\",\"position\":2,\"name\":\"Privaatsuspoliitika\"}]},{\"@type\":\"WebSite\",\"@id\":\"https:\/\/cosmicshepherdess.com\/et\/#website\",\"url\":\"https:\/\/cosmicshepherdess.com\/et\/\",\"name\":\"Cosmic Shepherdess\",\"description\":\"Energy healing and channeling\",\"potentialAction\":[{\"@type\":\"SearchAction\",\"target\":{\"@type\":\"EntryPoint\",\"urlTemplate\":\"https:\/\/cosmicshepherdess.com\/et\/?s={search_term_string}\"},\"query-input\":{\"@type\":\"PropertyValueSpecification\",\"valueRequired\":true,\"valueName\":\"search_term_string\"}}],\"inLanguage\":\"et\"}]}<\/script>\n<!-- \/ Yoast SEO plugin. -->","yoast_head_json":{"title":"Privaatsuspoliitika | Cosmic Shepherdess","robots":{"index":"index","follow":"follow","max-snippet":"max-snippet:-1","max-image-preview":"max-image-preview:large","max-video-preview":"max-video-preview:-1"},"canonical":"https:\/\/cosmicshepherdess.com\/et\/privaatsuspoliitika\/","og_locale":"et_EE","og_type":"article","og_title":"Privaatsuspoliitika | Cosmic Shepherdess","og_description":"Privaatsuspoliitika \u00dclds\u00e4tted 1.1. K\u00e4esolev privaatsuspoliitika reguleerib isikuandmete kogumise, t\u00f6\u00f6tlemise ja s\u00e4ilitamise p\u00f5him\u00f5tteid. Isikuandmeid kogub, t\u00f6\u00f6tleb ja s\u00e4ilitab vastutav andmet\u00f6\u00f6tleja O\u00dc Celeht (edaspidi \"andmet\u00f6\u00f6tleja\").1.2. Isikuandmete t\u00f6\u00f6tlemise eest vastutab O\u00dc Celeht. K\u00e4esoleva privaatsuspoliitika kontekstis on andmesubjekt klient v\u00f5i muu f\u00fc\u00fcsiline isik, kelle isikuandmeid volitatud t\u00f6\u00f6tleja t\u00f6\u00f6tleb.1.3. Andmete t\u00f6\u00f6tleja on vastutav t\u00f6\u00f6tleja. K\u00e4esoleva privaatsuspoliitika kontekstis on klient iga\u00fcks, [&hellip;]","og_url":"https:\/\/cosmicshepherdess.com\/et\/privaatsuspoliitika\/","og_site_name":"Cosmic Shepherdess","article_modified_time":"2025-04-15T14:22:53+00:00","twitter_card":"summary_large_image","twitter_misc":{"Est. reading time":"5 minutit"},"schema":{"@context":"https:\/\/schema.org","@graph":[{"@type":"WebPage","@id":"https:\/\/cosmicshepherdess.com\/et\/privaatsuspoliitika\/","url":"https:\/\/cosmicshepherdess.com\/et\/privaatsuspoliitika\/","name":"Privaatsuspoliitika | Cosmic Shepherdess","isPartOf":{"@id":"https:\/\/cosmicshepherdess.com\/et\/#website"},"datePublished":"2025-02-13T12:13:54+00:00","dateModified":"2025-04-15T14:22:53+00:00","breadcrumb":{"@id":"https:\/\/cosmicshepherdess.com\/et\/privaatsuspoliitika\/#breadcrumb"},"inLanguage":"et","potentialAction":[{"@type":"ReadAction","target":["https:\/\/cosmicshepherdess.com\/et\/privaatsuspoliitika\/"]}]},{"@type":"BreadcrumbList","@id":"https:\/\/cosmicshepherdess.com\/et\/privaatsuspoliitika\/#breadcrumb","itemListElement":[{"@type":"ListItem","position":1,"name":"Home","item":"https:\/\/cosmicshepherdess.com\/et\/"},{"@type":"ListItem","position":2,"name":"Privaatsuspoliitika"}]},{"@type":"WebSite","@id":"https:\/\/cosmicshepherdess.com\/et\/#website","url":"https:\/\/cosmicshepherdess.com\/et\/","name":"Cosmic Shepherdess","description":"Energy healing and channeling","potentialAction":[{"@type":"SearchAction","target":{"@type":"EntryPoint","urlTemplate":"https:\/\/cosmicshepherdess.com\/et\/?s={search_term_string}"},"query-input":{"@type":"PropertyValueSpecification","valueRequired":true,"valueName":"search_term_string"}}],"inLanguage":"et"}]}},"_links":{"self":[{"href":"https:\/\/cosmicshepherdess.com\/et\/wp-json\/wp\/v2\/pages\/1792","targetHints":{"allow":["GET"]}}],"collection":[{"href":"https:\/\/cosmicshepherdess.com\/et\/wp-json\/wp\/v2\/pages"}],"about":[{"href":"https:\/\/cosmicshepherdess.com\/et\/wp-json\/wp\/v2\/types\/page"}],"author":[{"embeddable":true,"href":"https:\/\/cosmicshepherdess.com\/et\/wp-json\/wp\/v2\/users\/1"}],"replies":[{"embeddable":true,"href":"https:\/\/cosmicshepherdess.com\/et\/wp-json\/wp\/v2\/comments?post=1792"}],"version-history":[{"count":9,"href":"https:\/\/cosmicshepherdess.com\/et\/wp-json\/wp\/v2\/pages\/1792\/revisions"}],"predecessor-version":[{"id":1812,"href":"https:\/\/cosmicshepherdess.com\/et\/wp-json\/wp\/v2\/pages\/1792\/revisions\/1812"}],"wp:attachment":[{"href":"https:\/\/cosmicshepherdess.com\/et\/wp-json\/wp\/v2\/media?parent=1792"}],"curies":[{"name":"wp","href":"https:\/\/api.w.org\/{rel}","templated":true}]}}