{"id":1787,"date":"2025-02-18T18:29:55","date_gmt":"2025-02-18T16:29:55","guid":{"rendered":"https:\/\/cosmicshepherdess.com\/votke-minuga-uhendust\/"},"modified":"2026-01-12T08:50:13","modified_gmt":"2026-01-12T06:50:13","slug":"kontakt","status":"publish","type":"page","link":"https:\/\/cosmicshepherdess.com\/et\/kontakt\/","title":{"rendered":"Kontakt"},"content":{"rendered":"\t\t<div data-elementor-type=\"wp-page\" data-elementor-id=\"1787\" class=\"elementor elementor-1787 elementor-103\" data-elementor-post-type=\"page\">\n\t\t\t\t<div class=\"elementor-element elementor-element-2e37adc e-flex e-con-boxed e-con e-parent\" data-id=\"2e37adc\" data-element_type=\"container\" data-e-type=\"container\" data-settings=\"{&quot;background_background&quot;:&quot;classic&quot;}\">\n\t\t\t\t\t<div class=\"e-con-inner\">\n\t\t<div class=\"elementor-element elementor-element-b2fcf67 e-con-full e-flex e-con e-child\" data-id=\"b2fcf67\" data-element_type=\"container\" data-e-type=\"container\">\n\t\t\t\t<div class=\"elementor-element elementor-element-7513f57 elementor-widget elementor-widget-image\" data-id=\"7513f57\" data-element_type=\"widget\" data-e-type=\"widget\" data-widget_type=\"image.default\">\n\t\t\t\t<div class=\"elementor-widget-container\">\n\t\t\t\t\t\t\t\t\t\t\t\t\t\t\t<img fetchpriority=\"high\" decoding=\"async\" width=\"683\" height=\"1024\" src=\"https:\/\/cosmicshepherdess.com\/wp-content\/uploads\/2025\/03\/kerttu-kruusla-11-683x1024.jpg\" class=\"attachment-large size-large wp-image-1685\" alt=\"\" srcset=\"https:\/\/cosmicshepherdess.com\/wp-content\/uploads\/2025\/03\/kerttu-kruusla-11-683x1024.jpg 683w, https:\/\/cosmicshepherdess.com\/wp-content\/uploads\/2025\/03\/kerttu-kruusla-11-200x300.jpg 200w, https:\/\/cosmicshepherdess.com\/wp-content\/uploads\/2025\/03\/kerttu-kruusla-11-768x1152.jpg 768w, https:\/\/cosmicshepherdess.com\/wp-content\/uploads\/2025\/03\/kerttu-kruusla-11-1024x1536.jpg 1024w, https:\/\/cosmicshepherdess.com\/wp-content\/uploads\/2025\/03\/kerttu-kruusla-11-1365x2048.jpg 1365w, https:\/\/cosmicshepherdess.com\/wp-content\/uploads\/2025\/03\/kerttu-kruusla-11-scaled.jpg 1707w\" sizes=\"(max-width: 683px) 100vw, 683px\" \/>\t\t\t\t\t\t\t\t\t\t\t\t\t\t\t<\/div>\n\t\t\t\t<\/div>\n\t\t\t\t<\/div>\n\t\t<div class=\"elementor-element elementor-element-fe779eb e-con-full e-flex e-con e-child\" data-id=\"fe779eb\" data-element_type=\"container\" data-e-type=\"container\">\n\t\t\t\t<div class=\"elementor-element elementor-element-925c32f elementor-widget elementor-widget-heading\" data-id=\"925c32f\" data-element_type=\"widget\" data-e-type=\"widget\" data-widget_type=\"heading.default\">\n\t\t\t\t<div class=\"elementor-widget-container\">\n\t\t\t\t\t<h1 class=\"elementor-heading-title elementor-size-default\"><span style=\"color: #cda668\">V\u00f5ta minuga \u00fchendust<\/h1>\t\t\t\t<\/div>\n\t\t\t\t<\/div>\n\t\t\t\t<div class=\"elementor-element elementor-element-35b1426 elementor-widget elementor-widget-text-editor\" data-id=\"35b1426\" data-element_type=\"widget\" data-e-type=\"widget\" data-widget_type=\"text-editor.default\">\n\t\t\t\t<div class=\"elementor-widget-container\">\n\t\t\t\t\t\t\t\t\t<p>Kui tunned huvi teha minuga koost\u00f6\u00f6d, kuid ei ole kindel millist teenust valida, v\u00f5i ei leia kalendrist sobivat aega, siis kirjuta mulle. Leiame koos Sinu jaoks parima lahenduse, et saaksid alustada oma muutuste teekonda.<\/p>\t\t\t\t\t\t\t\t<\/div>\n\t\t\t\t<\/div>\n\t\t\t\t<div class=\"elementor-element elementor-element-878c10a elementor-button-align-start elementor-mobile-button-align-center elementor-widget elementor-widget-form\" data-id=\"878c10a\" data-element_type=\"widget\" data-e-type=\"widget\" data-settings=\"{&quot;step_next_label&quot;:&quot;J\\u00e4rgmine&quot;,&quot;step_previous_label&quot;:&quot;Eelmine&quot;,&quot;button_width&quot;:&quot;100&quot;,&quot;step_type&quot;:&quot;number_text&quot;,&quot;step_icon_shape&quot;:&quot;circle&quot;}\" data-widget_type=\"form.default\">\n\t\t\t\t<div class=\"elementor-widget-container\">\n\t\t\t\t\t\t\t<form class=\"elementor-form\" method=\"post\" name=\"Kontaktvorm\" aria-label=\"Kontaktvorm\">\n\t\t\t<input type=\"hidden\" name=\"post_id\" value=\"1787\"\/>\n\t\t\t<input type=\"hidden\" name=\"form_id\" value=\"878c10a\"\/>\n\t\t\t<input type=\"hidden\" name=\"referer_title\" value=\"Kontakt | Cosmic Shepherdess\" \/>\n\n\t\t\t\t\t\t\t<input type=\"hidden\" name=\"queried_id\" value=\"1787\"\/>\n\t\t\t\n\t\t\t<div class=\"elementor-form-fields-wrapper elementor-labels-above\">\n\t\t\t\t\t\t\t\t<div class=\"elementor-field-type-text elementor-field-group elementor-column elementor-field-group-name elementor-col-40 elementor-field-required\">\n\t\t\t\t\t\t\t\t\t\t\t\t<label for=\"form-field-name\" class=\"elementor-field-label\">\n\t\t\t\t\t\t\t\tNimi\t\t\t\t\t\t\t<\/label>\n\t\t\t\t\t\t\t\t\t\t\t\t\t\t<input size=\"1\" type=\"text\" name=\"form_fields[name]\" id=\"form-field-name\" class=\"elementor-field elementor-size-sm  elementor-field-textual\" required=\"required\">\n\t\t\t\t\t\t\t\t\t\t\t<\/div>\n\t\t\t\t\t\t\t\t<div class=\"elementor-field-type-email elementor-field-group elementor-column elementor-field-group-email elementor-col-60 elementor-field-required\">\n\t\t\t\t\t\t\t\t\t\t\t\t<label for=\"form-field-email\" class=\"elementor-field-label\">\n\t\t\t\t\t\t\t\tE-post\t\t\t\t\t\t\t<\/label>\n\t\t\t\t\t\t\t\t\t\t\t\t\t\t<input size=\"1\" type=\"email\" name=\"form_fields[email]\" id=\"form-field-email\" class=\"elementor-field elementor-size-sm  elementor-field-textual\" required=\"required\">\n\t\t\t\t\t\t\t\t\t\t\t<\/div>\n\t\t\t\t\t\t\t\t<div class=\"elementor-field-type-textarea elementor-field-group elementor-column elementor-field-group-message elementor-col-100 elementor-field-required\">\n\t\t\t\t\t\t\t\t\t\t\t\t<label for=\"form-field-message\" class=\"elementor-field-label\">\n\t\t\t\t\t\t\t\tS\u00f5num\t\t\t\t\t\t\t<\/label>\n\t\t\t\t\t\t<textarea class=\"elementor-field-textual elementor-field  elementor-size-sm\" name=\"form_fields[message]\" id=\"form-field-message\" rows=\"4\" required=\"required\"><\/textarea>\t\t\t\t<\/div>\n\t\t\t\t\t\t\t\t<div class=\"elementor-field-group elementor-column elementor-field-type-submit elementor-col-100 e-form__buttons\">\n\t\t\t\t\t<button class=\"elementor-button elementor-size-sm\" type=\"submit\">\n\t\t\t\t\t\t<span class=\"elementor-button-content-wrapper\">\n\t\t\t\t\t\t\t\t\t\t\t\t\t\t\t\t\t\t\t\t\t\t<span class=\"elementor-button-text\">Saada s\u00f5num<\/span>\n\t\t\t\t\t\t\t\t\t\t\t\t\t<\/span>\n\t\t\t\t\t<\/button>\n\t\t\t\t<\/div>\n\t\t\t<\/div>\n\t\t<\/form>\n\t\t\t\t\t\t<\/div>\n\t\t\t\t<\/div>\n\t\t\t\t<\/div>\n\t\t\t\t\t<\/div>\n\t\t\t\t<\/div>\n\t\t<div class=\"elementor-element elementor-element-f77d6e8 elementor-hidden-desktop elementor-hidden-tablet elementor-hidden-mobile e-flex e-con-boxed e-con e-parent\" data-id=\"f77d6e8\" data-element_type=\"container\" data-e-type=\"container\">\n\t\t\t\t\t<div class=\"e-con-inner\">\n\t\t\t\t<div class=\"elementor-element elementor-element-1c1b0f0 elementor-arrows-yes elementor-pagination-type-bullets elementor-review--has-separator elementor--star-style-star_fontawesome elementor-widget elementor-widget-reviews\" data-id=\"1c1b0f0\" data-element_type=\"widget\" data-e-type=\"widget\" data-settings=\"{&quot;slides_per_view&quot;:&quot;2&quot;,&quot;space_between&quot;:{&quot;unit&quot;:&quot;px&quot;,&quot;size&quot;:0,&quot;sizes&quot;:[]},&quot;show_arrows&quot;:&quot;yes&quot;,&quot;pagination&quot;:&quot;bullets&quot;,&quot;speed&quot;:500,&quot;autoplay&quot;:&quot;yes&quot;,&quot;autoplay_speed&quot;:5000,&quot;loop&quot;:&quot;yes&quot;,&quot;pause_on_hover&quot;:&quot;yes&quot;,&quot;pause_on_interaction&quot;:&quot;yes&quot;,&quot;space_between_tablet&quot;:{&quot;unit&quot;:&quot;px&quot;,&quot;size&quot;:10,&quot;sizes&quot;:[]},&quot;space_between_mobile&quot;:{&quot;unit&quot;:&quot;px&quot;,&quot;size&quot;:10,&quot;sizes&quot;:[]}}\" data-widget_type=\"reviews.default\">\n\t\t\t\t<div class=\"elementor-widget-container\">\n\t\t\t\t\t\t\t\t\t<div class=\"elementor-swiper\">\n\t\t\t\t\t<div class=\"elementor-main-swiper swiper\" role=\"region\" aria-roledescription=\"carousel\" aria-label=\"Slides\">\n\t\t\t\t<div class=\"swiper-wrapper\">\n\t\t\t\t\t\t\t\t\t\t\t<div class=\"swiper-slide\" role=\"group\" aria-roledescription=\"slide\">\n\t\t\t\t\t\t\t\t\t<div class=\"elementor-testimonial elementor-repeater-item-0d24f2f\">\n\t\t\t\t\t\t\t<div class=\"elementor-testimonial__header\">\n\t\t\t\t\t\t\t\t\t\t<cite class=\"elementor-testimonial__cite\"><span class=\"elementor-testimonial__name\">2012<\/span><span class=\"elementor-testimonial__title\">@username<\/span><\/cite>\t\t\t\t\t<div class=\"elementor-testimonial__icon elementor-icon elementor-icon-\" aria-label=\"Read More\"><\/div>\t\t\t\t<\/div>\n\t\t\t\t\t\t\t\t\t\t<div class=\"elementor-testimonial__content\">\n\t\t\t\t\t<div class=\"elementor-testimonial__text\">\n\t\t\t\t\t\tMinu vaimne \u00e4rkamine s\u00fcttis v\u00f5imsalt, viies mind s\u00fcgavamale vastavusse oma missiooniga ja valmistades mind ette paljudeks katsumusteks ja raskusteks. Numeroloogilise elutee nr 1 abil olen meisterdanud uute alguste kunsti, leiutades end pidevalt uuesti - nagu peeniks, kes t\u00f5useb tuhast uuesti. Nii et end ikka ja j\u00e4lle maapinnalt \u00fcles ehitada on minu jaoks praegu nagu teine loomus.\t\t\t\t\t<\/div>\n\t\t\t\t<\/div>\n\t\t\t\t\t<\/div>\n\t\t\t\t\t\t\t\t<\/div>\n\t\t\t\t\t\t\t\t\t\t\t<div class=\"swiper-slide\" role=\"group\" aria-roledescription=\"slide\">\n\t\t\t\t\t\t\t\t\t<div class=\"elementor-testimonial elementor-repeater-item-73062bc\">\n\t\t\t\t\t\t\t<div class=\"elementor-testimonial__header\">\n\t\t\t\t\t\t\t\t\t\t<cite class=\"elementor-testimonial__cite\"><span class=\"elementor-testimonial__name\">John Doe<\/span><span class=\"elementor-testimonial__title\">@username<\/span><\/cite>\t\t\t\t\t<div class=\"elementor-testimonial__icon elementor-icon elementor-icon-\" aria-label=\"Read More\"><\/div>\t\t\t\t<\/div>\n\t\t\t\t\t\t\t\t\t\t<div class=\"elementor-testimonial__content\">\n\t\t\t\t\t<div class=\"elementor-testimonial__text\">\n\t\t\t\t\t\tLorem ipsum dolor sit amet, consectetur adipiscing elit. Ut elit tellus, luctus nec ullamcorper mattis, pulvinar dapibus leo.\t\t\t\t\t<\/div>\n\t\t\t\t<\/div>\n\t\t\t\t\t<\/div>\n\t\t\t\t\t\t\t\t<\/div>\n\t\t\t\t\t\t\t\t\t\t\t<div class=\"swiper-slide\" role=\"group\" aria-roledescription=\"slide\">\n\t\t\t\t\t\t\t\t\t<div class=\"elementor-testimonial elementor-repeater-item-1459052\">\n\t\t\t\t\t\t\t<div class=\"elementor-testimonial__header\">\n\t\t\t\t\t\t\t\t\t\t<cite class=\"elementor-testimonial__cite\"><span class=\"elementor-testimonial__name\">John Doe<\/span><span class=\"elementor-testimonial__title\">@username<\/span><\/cite>\t\t\t\t\t<div class=\"elementor-testimonial__icon elementor-icon elementor-icon-\" aria-label=\"Read More\"><\/div>\t\t\t\t<\/div>\n\t\t\t\t\t\t\t\t\t\t<div class=\"elementor-testimonial__content\">\n\t\t\t\t\t<div class=\"elementor-testimonial__text\">\n\t\t\t\t\t\tLorem ipsum dolor sit amet, consectetur adipiscing elit. Ut elit tellus, luctus nec ullamcorper mattis, pulvinar dapibus leo.\t\t\t\t\t<\/div>\n\t\t\t\t<\/div>\n\t\t\t\t\t<\/div>\n\t\t\t\t\t\t\t\t<\/div>\n\t\t\t\t\t\t\t\t\t\t\t<div class=\"swiper-slide\" role=\"group\" aria-roledescription=\"slide\">\n\t\t\t\t\t\t\t\t\t<div class=\"elementor-testimonial elementor-repeater-item-e064b90\">\n\t\t\t\t\t\t\t<div class=\"elementor-testimonial__header\">\n\t\t\t\t\t\t\t\t\t\t<cite class=\"elementor-testimonial__cite\"><span class=\"elementor-testimonial__name\">John Doe<\/span><span class=\"elementor-testimonial__title\">@username<\/span><\/cite>\t\t\t\t\t<div class=\"elementor-testimonial__icon elementor-icon elementor-icon-\" aria-label=\"Read More\"><\/div>\t\t\t\t<\/div>\n\t\t\t\t\t\t\t\t\t\t<div class=\"elementor-testimonial__content\">\n\t\t\t\t\t<div class=\"elementor-testimonial__text\">\n\t\t\t\t\t\tLorem ipsum dolor sit amet, consectetur adipiscing elit. Ut elit tellus, luctus nec ullamcorper mattis, pulvinar dapibus leo.\t\t\t\t\t<\/div>\n\t\t\t\t<\/div>\n\t\t\t\t\t<\/div>\n\t\t\t\t\t\t\t\t<\/div>\n\t\t\t\t\t\t\t\t\t<\/div>\n\t\t\t\t\t\t\t\t\t\t\t\t\t\t\t<div class=\"elementor-swiper-button elementor-swiper-button-prev\" role=\"button\" tabindex=\"0\" aria-label=\"Previous\">\n\t\t\t\t\t\t\t<svg aria-hidden=\"true\" class=\"e-font-icon-svg e-eicon-chevron-left\" viewBox=\"0 0 1000 1000\" xmlns=\"http:\/\/www.w3.org\/2000\/svg\"><path d=\"M646 125C629 125 613 133 604 142L308 442C296 454 292 471 292 487 292 504 296 521 308 533L604 854C617 867 629 875 646 875 663 875 679 871 692 858 704 846 713 829 713 812 713 796 708 779 692 767L438 487 692 225C700 217 708 204 708 187 708 171 704 154 692 142 675 129 663 125 646 125Z\"><\/path><\/svg>\t\t\t\t\t\t<\/div>\n\t\t\t\t\t\t<div class=\"elementor-swiper-button elementor-swiper-button-next\" role=\"button\" tabindex=\"0\" aria-label=\"Next\">\n\t\t\t\t\t\t\t<svg aria-hidden=\"true\" class=\"e-font-icon-svg e-eicon-chevron-right\" viewBox=\"0 0 1000 1000\" xmlns=\"http:\/\/www.w3.org\/2000\/svg\"><path d=\"M696 533C708 521 713 504 713 487 713 471 708 454 696 446L400 146C388 133 375 125 354 125 338 125 325 129 313 142 300 154 292 171 292 187 292 204 296 221 308 233L563 492 304 771C292 783 288 800 288 817 288 833 296 850 308 863 321 871 338 875 354 875 371 875 388 867 400 854L696 533Z\"><\/path><\/svg>\t\t\t\t\t\t<\/div>\n\t\t\t\t\t\t\t\t\t\t\t\t\t\t\t\t<div class=\"swiper-pagination\"><\/div>\n\t\t\t\t\t\t\t\t\t\t\t\t<\/div>\n\t\t\t\t<\/div>\n\t\t\t\t\t\t\t\t<\/div>\n\t\t\t\t<\/div>\n\t\t\t\t\t<\/div>\n\t\t\t\t<\/div>\n\t\t\t\t<\/div>\n\t\t","protected":false},"excerpt":{"rendered":"<p>V\u00f5ta minuga \u00fchendust Kui tunned huvi teha minuga koost\u00f6\u00f6d, kuid ei ole kindel millist teenust valida, v\u00f5i ei leia kalendrist sobivat aega, siis kirjuta mulle. Leiame koos Sinu jaoks parima lahenduse, et saaksid alustada oma muutuste teekonda. 2012@username Minu vaimne \u00e4rkamine s\u00fcttis v\u00f5imsalt, viies mind s\u00fcgavamale vastavusse oma missiooniga ja valmistades mind ette paljudeks katsumusteks [&hellip;]<\/p>\n","protected":false},"author":1,"featured_media":0,"parent":0,"menu_order":0,"comment_status":"closed","ping_status":"closed","template":"elementor_header_footer","meta":{"_surecart_dashboard_logo_width":"180px","_surecart_dashboard_show_logo":true,"_surecart_dashboard_navigation_orders":true,"_surecart_dashboard_navigation_invoices":true,"_surecart_dashboard_navigation_subscriptions":true,"_surecart_dashboard_navigation_downloads":true,"_surecart_dashboard_navigation_billing":true,"_surecart_dashboard_navigation_account":true,"footnotes":""},"class_list":["post-1787","page","type-page","status-publish","hentry"],"yoast_head":"<!-- This site is optimized with the Yoast SEO plugin v26.8 - https:\/\/yoast.com\/product\/yoast-seo-wordpress\/ -->\n<title>Kontakt | Cosmic Shepherdess<\/title>\n<meta name=\"robots\" content=\"index, follow, max-snippet:-1, max-image-preview:large, max-video-preview:-1\" \/>\n<link rel=\"canonical\" href=\"https:\/\/cosmicshepherdess.com\/et\/kontakt\/\" \/>\n<meta property=\"og:locale\" content=\"et_EE\" \/>\n<meta property=\"og:type\" content=\"article\" \/>\n<meta property=\"og:title\" content=\"Kontakt | Cosmic Shepherdess\" \/>\n<meta property=\"og:description\" content=\"V\u00f5ta minuga \u00fchendust Kui tunned huvi teha minuga koost\u00f6\u00f6d, kuid ei ole kindel millist teenust valida, v\u00f5i ei leia kalendrist sobivat aega, siis kirjuta mulle. Leiame koos Sinu jaoks parima lahenduse, et saaksid alustada oma muutuste teekonda. 2012@username Minu vaimne \u00e4rkamine s\u00fcttis v\u00f5imsalt, viies mind s\u00fcgavamale vastavusse oma missiooniga ja valmistades mind ette paljudeks katsumusteks [&hellip;]\" \/>\n<meta property=\"og:url\" content=\"https:\/\/cosmicshepherdess.com\/et\/kontakt\/\" \/>\n<meta property=\"og:site_name\" content=\"Cosmic Shepherdess\" \/>\n<meta property=\"article:modified_time\" content=\"2026-01-12T06:50:13+00:00\" \/>\n<meta property=\"og:image\" content=\"https:\/\/cosmicshepherdess.com\/wp-content\/uploads\/2025\/03\/kerttu-kruusla-11-scaled.jpg\" \/>\n\t<meta property=\"og:image:width\" content=\"1707\" \/>\n\t<meta property=\"og:image:height\" content=\"2560\" \/>\n\t<meta property=\"og:image:type\" content=\"image\/jpeg\" \/>\n<meta name=\"twitter:card\" content=\"summary_large_image\" \/>\n<meta name=\"twitter:label1\" content=\"Est. reading time\" \/>\n\t<meta name=\"twitter:data1\" content=\"2 minutit\" \/>\n<script type=\"application\/ld+json\" class=\"yoast-schema-graph\">{\"@context\":\"https:\/\/schema.org\",\"@graph\":[{\"@type\":\"WebPage\",\"@id\":\"https:\/\/cosmicshepherdess.com\/et\/kontakt\/\",\"url\":\"https:\/\/cosmicshepherdess.com\/et\/kontakt\/\",\"name\":\"Kontakt | Cosmic Shepherdess\",\"isPartOf\":{\"@id\":\"https:\/\/cosmicshepherdess.com\/et\/#website\"},\"primaryImageOfPage\":{\"@id\":\"https:\/\/cosmicshepherdess.com\/et\/kontakt\/#primaryimage\"},\"image\":{\"@id\":\"https:\/\/cosmicshepherdess.com\/et\/kontakt\/#primaryimage\"},\"thumbnailUrl\":\"https:\/\/cosmicshepherdess.com\/wp-content\/uploads\/2025\/03\/kerttu-kruusla-11-683x1024.jpg\",\"datePublished\":\"2025-02-18T16:29:55+00:00\",\"dateModified\":\"2026-01-12T06:50:13+00:00\",\"breadcrumb\":{\"@id\":\"https:\/\/cosmicshepherdess.com\/et\/kontakt\/#breadcrumb\"},\"inLanguage\":\"et\",\"potentialAction\":[{\"@type\":\"ReadAction\",\"target\":[\"https:\/\/cosmicshepherdess.com\/et\/kontakt\/\"]}]},{\"@type\":\"ImageObject\",\"inLanguage\":\"et\",\"@id\":\"https:\/\/cosmicshepherdess.com\/et\/kontakt\/#primaryimage\",\"url\":\"https:\/\/cosmicshepherdess.com\/wp-content\/uploads\/2025\/03\/kerttu-kruusla-11-683x1024.jpg\",\"contentUrl\":\"https:\/\/cosmicshepherdess.com\/wp-content\/uploads\/2025\/03\/kerttu-kruusla-11-683x1024.jpg\"},{\"@type\":\"BreadcrumbList\",\"@id\":\"https:\/\/cosmicshepherdess.com\/et\/kontakt\/#breadcrumb\",\"itemListElement\":[{\"@type\":\"ListItem\",\"position\":1,\"name\":\"Home\",\"item\":\"https:\/\/cosmicshepherdess.com\/et\/\"},{\"@type\":\"ListItem\",\"position\":2,\"name\":\"Kontakt\"}]},{\"@type\":\"WebSite\",\"@id\":\"https:\/\/cosmicshepherdess.com\/et\/#website\",\"url\":\"https:\/\/cosmicshepherdess.com\/et\/\",\"name\":\"Cosmic Shepherdess\",\"description\":\"Energy healing and channeling\",\"potentialAction\":[{\"@type\":\"SearchAction\",\"target\":{\"@type\":\"EntryPoint\",\"urlTemplate\":\"https:\/\/cosmicshepherdess.com\/et\/?s={search_term_string}\"},\"query-input\":{\"@type\":\"PropertyValueSpecification\",\"valueRequired\":true,\"valueName\":\"search_term_string\"}}],\"inLanguage\":\"et\"}]}<\/script>\n<!-- \/ Yoast SEO plugin. -->","yoast_head_json":{"title":"Kontakt | Cosmic Shepherdess","robots":{"index":"index","follow":"follow","max-snippet":"max-snippet:-1","max-image-preview":"max-image-preview:large","max-video-preview":"max-video-preview:-1"},"canonical":"https:\/\/cosmicshepherdess.com\/et\/kontakt\/","og_locale":"et_EE","og_type":"article","og_title":"Kontakt | Cosmic Shepherdess","og_description":"V\u00f5ta minuga \u00fchendust Kui tunned huvi teha minuga koost\u00f6\u00f6d, kuid ei ole kindel millist teenust valida, v\u00f5i ei leia kalendrist sobivat aega, siis kirjuta mulle. Leiame koos Sinu jaoks parima lahenduse, et saaksid alustada oma muutuste teekonda. 2012@username Minu vaimne \u00e4rkamine s\u00fcttis v\u00f5imsalt, viies mind s\u00fcgavamale vastavusse oma missiooniga ja valmistades mind ette paljudeks katsumusteks [&hellip;]","og_url":"https:\/\/cosmicshepherdess.com\/et\/kontakt\/","og_site_name":"Cosmic Shepherdess","article_modified_time":"2026-01-12T06:50:13+00:00","og_image":[{"width":1707,"height":2560,"url":"https:\/\/cosmicshepherdess.com\/wp-content\/uploads\/2025\/03\/kerttu-kruusla-11-scaled.jpg","type":"image\/jpeg"}],"twitter_card":"summary_large_image","twitter_misc":{"Est. reading time":"2 minutit"},"schema":{"@context":"https:\/\/schema.org","@graph":[{"@type":"WebPage","@id":"https:\/\/cosmicshepherdess.com\/et\/kontakt\/","url":"https:\/\/cosmicshepherdess.com\/et\/kontakt\/","name":"Kontakt | Cosmic Shepherdess","isPartOf":{"@id":"https:\/\/cosmicshepherdess.com\/et\/#website"},"primaryImageOfPage":{"@id":"https:\/\/cosmicshepherdess.com\/et\/kontakt\/#primaryimage"},"image":{"@id":"https:\/\/cosmicshepherdess.com\/et\/kontakt\/#primaryimage"},"thumbnailUrl":"https:\/\/cosmicshepherdess.com\/wp-content\/uploads\/2025\/03\/kerttu-kruusla-11-683x1024.jpg","datePublished":"2025-02-18T16:29:55+00:00","dateModified":"2026-01-12T06:50:13+00:00","breadcrumb":{"@id":"https:\/\/cosmicshepherdess.com\/et\/kontakt\/#breadcrumb"},"inLanguage":"et","potentialAction":[{"@type":"ReadAction","target":["https:\/\/cosmicshepherdess.com\/et\/kontakt\/"]}]},{"@type":"ImageObject","inLanguage":"et","@id":"https:\/\/cosmicshepherdess.com\/et\/kontakt\/#primaryimage","url":"https:\/\/cosmicshepherdess.com\/wp-content\/uploads\/2025\/03\/kerttu-kruusla-11-683x1024.jpg","contentUrl":"https:\/\/cosmicshepherdess.com\/wp-content\/uploads\/2025\/03\/kerttu-kruusla-11-683x1024.jpg"},{"@type":"BreadcrumbList","@id":"https:\/\/cosmicshepherdess.com\/et\/kontakt\/#breadcrumb","itemListElement":[{"@type":"ListItem","position":1,"name":"Home","item":"https:\/\/cosmicshepherdess.com\/et\/"},{"@type":"ListItem","position":2,"name":"Kontakt"}]},{"@type":"WebSite","@id":"https:\/\/cosmicshepherdess.com\/et\/#website","url":"https:\/\/cosmicshepherdess.com\/et\/","name":"Cosmic Shepherdess","description":"Energy healing and channeling","potentialAction":[{"@type":"SearchAction","target":{"@type":"EntryPoint","urlTemplate":"https:\/\/cosmicshepherdess.com\/et\/?s={search_term_string}"},"query-input":{"@type":"PropertyValueSpecification","valueRequired":true,"valueName":"search_term_string"}}],"inLanguage":"et"}]}},"_links":{"self":[{"href":"https:\/\/cosmicshepherdess.com\/et\/wp-json\/wp\/v2\/pages\/1787","targetHints":{"allow":["GET"]}}],"collection":[{"href":"https:\/\/cosmicshepherdess.com\/et\/wp-json\/wp\/v2\/pages"}],"about":[{"href":"https:\/\/cosmicshepherdess.com\/et\/wp-json\/wp\/v2\/types\/page"}],"author":[{"embeddable":true,"href":"https:\/\/cosmicshepherdess.com\/et\/wp-json\/wp\/v2\/users\/1"}],"replies":[{"embeddable":true,"href":"https:\/\/cosmicshepherdess.com\/et\/wp-json\/wp\/v2\/comments?post=1787"}],"version-history":[{"count":13,"href":"https:\/\/cosmicshepherdess.com\/et\/wp-json\/wp\/v2\/pages\/1787\/revisions"}],"predecessor-version":[{"id":3086,"href":"https:\/\/cosmicshepherdess.com\/et\/wp-json\/wp\/v2\/pages\/1787\/revisions\/3086"}],"wp:attachment":[{"href":"https:\/\/cosmicshepherdess.com\/et\/wp-json\/wp\/v2\/media?parent=1787"}],"curies":[{"name":"wp","href":"https:\/\/api.w.org\/{rel}","templated":true}]}}