{"id":1752,"date":"2025-03-20T17:20:31","date_gmt":"2025-03-20T15:20:31","guid":{"rendered":"https:\/\/cosmicshepherdess.com\/broneeri-seanss\/"},"modified":"2026-02-02T08:33:21","modified_gmt":"2026-02-02T06:33:21","slug":"broneeri-seanss","status":"publish","type":"page","link":"https:\/\/cosmicshepherdess.com\/et\/broneeri-seanss\/","title":{"rendered":"Broneeri seanss"},"content":{"rendered":"\t\t<div data-elementor-type=\"wp-page\" data-elementor-id=\"1752\" class=\"elementor elementor-1752 elementor-438\" data-elementor-post-type=\"page\">\n\t\t\t\t<div class=\"elementor-element elementor-element-1ca81b2 e-flex e-con-boxed e-con e-parent\" data-id=\"1ca81b2\" data-element_type=\"container\" data-e-type=\"container\" data-settings=\"{&quot;background_background&quot;:&quot;classic&quot;}\">\n\t\t\t\t\t<div class=\"e-con-inner\">\n\t\t\t\t<div class=\"elementor-element elementor-element-c23b90b elementor-widget elementor-widget-heading\" data-id=\"c23b90b\" data-element_type=\"widget\" data-e-type=\"widget\" data-widget_type=\"heading.default\">\n\t\t\t\t<div class=\"elementor-widget-container\">\n\t\t\t\t\t<span class=\"elementor-heading-title elementor-size-default\">Avasta oma alateadvuse v\u00e4gi<\/span>\t\t\t\t<\/div>\n\t\t\t\t<\/div>\n\t\t\t\t<div class=\"elementor-element elementor-element-263fbc5 elementor-widget elementor-widget-heading\" data-id=\"263fbc5\" data-element_type=\"widget\" data-e-type=\"widget\" data-widget_type=\"heading.default\">\n\t\t\t\t<div class=\"elementor-widget-container\">\n\t\t\t\t\t<h1 class=\"elementor-heading-title elementor-size-default\">Broneeri seanss<\/h1>\t\t\t\t<\/div>\n\t\t\t\t<\/div>\n\t\t\t\t<div class=\"elementor-element elementor-element-6b638d4 elementor-widget elementor-widget-text-editor\" data-id=\"6b638d4\" data-element_type=\"widget\" data-e-type=\"widget\" data-widget_type=\"text-editor.default\">\n\t\t\t\t<div class=\"elementor-widget-container\">\n\t\t\t\t\t\t\t\t\t<p class=\"\" data-start=\"149\" data-end=\"416\"><strong data-start=\"149\" data-end=\"245\">Su Hing kutsub Sind s\u00fcgavamale \u2013 tervenemise, selguse ja sisemise muutuse poole.<\/strong><br data-start=\"245\" data-end=\"248\" \/>Olgu Su kutseks hingeline juhatus l\u00e4bi kanaldamise v\u00f5i v\u00f5imsad muutused kvanttervenduse kaudu \u2013 iga sessioon on ainulaadselt h\u00e4\u00e4lestatud just Sinu teekonnale.<\/p><p class=\"\" data-start=\"418\" data-end=\"501\"><strong data-start=\"418\" data-end=\"501\">Vabasta piiravad uskumused, aktiveeri oma v\u00e4gi ja h\u00e4\u00e4lestu oma k\u00f5rgemale teerajale.<\/strong><\/p><p class=\"\" data-start=\"503\" data-end=\"585\">Kas oled valmis?<br \/><br \/><strong>NB!<\/strong> Kui Sa ei leia endale sobivad aega, kirjuta mulle l\u00e4bi <b>Kontakti vormi <\/b>ja leiame koos sobiva aja.<\/p>\t\t\t\t\t\t\t\t<\/div>\n\t\t\t\t<\/div>\n\t\t\t\t\t<\/div>\n\t\t\t\t<\/div>\n\t\t<div class=\"elementor-element elementor-element-aca81ee e-flex e-con-boxed e-con e-parent\" data-id=\"aca81ee\" data-element_type=\"container\" data-e-type=\"container\" data-settings=\"{&quot;background_background&quot;:&quot;classic&quot;}\">\n\t\t\t\t\t<div class=\"e-con-inner\">\n\t\t\t\t<div class=\"elementor-element elementor-element-f5b1754 elementor-widget elementor-widget-stepbooking\" data-id=\"f5b1754\" data-element_type=\"widget\" data-e-type=\"widget\" data-widget_type=\"stepbooking.default\">\n\t\t\t\t<div class=\"elementor-widget-container\">\n\t\t\t\t\t\n<script>\n  if (typeof hasAmeliaEntitiesApiCall === 'undefined' && ('' === '' && '' !== '1')) {\n    var hasAmeliaEntitiesApiCall = true;\n  }\n  var ameliaShortcodeData = (typeof ameliaShortcodeData === 'undefined') ? [] : ameliaShortcodeData;\n  ameliaShortcodeData.push(\n    {\n      'hasApiCall': (typeof hasAmeliaEntitiesApiCall !== 'undefined') && hasAmeliaEntitiesApiCall,\n      'trigger': '',\n      'trigger_type': '',\n      'triggered_form': 'sbsNew',\n      'in_dialog': '',\n      'show': '',\n      'counter': '1000',\n      'category': '',\n      'service': '',\n      'employee': '',\n      'location': '',\n      'package': '',\n      'layout': '1',\n    }\n  );\n\n  var ameliaShortcodeDataTriggered = (typeof ameliaShortcodeDataTriggered === 'undefined') ? [] : ameliaShortcodeDataTriggered;\n  if (ameliaShortcodeData[ameliaShortcodeData.length - 1].trigger !== '') {\n    if (ameliaShortcodeDataTriggered.filter(a => a.counter === ameliaShortcodeData[ameliaShortcodeData.length - 1].counter).length === 0) {\n      ameliaShortcodeDataTriggered.push(ameliaShortcodeData.pop());\n    } else {\n      ameliaShortcodeData.pop()\n    }\n  }\n  if (typeof hasAmeliaEntitiesApiCall !== 'undefined' && hasAmeliaEntitiesApiCall) {\n    hasAmeliaEntitiesApiCall = false;\n  }\n<\/script>\n\n<div\n  id=\"amelia-v2-booking-1000\"\n  class=\"amelia-v2-booking\"\n >\n    <step-form-wrapper><\/step-form-wrapper><\/div>\n\t\t\t\t<\/div>\n\t\t\t\t<\/div>\n\t\t\t\t\t<\/div>\n\t\t\t\t<\/div>\n\t\t\t\t<\/div>\n\t\t","protected":false},"excerpt":{"rendered":"<p>Avasta oma alateadvuse v\u00e4gi Broneeri seanss Su Hing kutsub Sind s\u00fcgavamale \u2013 tervenemise, selguse ja sisemise muutuse poole.Olgu Su kutseks hingeline juhatus l\u00e4bi kanaldamise v\u00f5i v\u00f5imsad muutused kvanttervenduse kaudu \u2013 iga sessioon on ainulaadselt h\u00e4\u00e4lestatud just Sinu teekonnale. Vabasta piiravad uskumused, aktiveeri oma v\u00e4gi ja h\u00e4\u00e4lestu oma k\u00f5rgemale teerajale. Kas oled valmis? NB! Kui Sa [&hellip;]<\/p>\n","protected":false},"author":2,"featured_media":0,"parent":0,"menu_order":0,"comment_status":"closed","ping_status":"closed","template":"elementor_header_footer","meta":{"_surecart_dashboard_logo_width":"180px","_surecart_dashboard_show_logo":true,"_surecart_dashboard_navigation_orders":true,"_surecart_dashboard_navigation_invoices":true,"_surecart_dashboard_navigation_subscriptions":true,"_surecart_dashboard_navigation_downloads":true,"_surecart_dashboard_navigation_billing":true,"_surecart_dashboard_navigation_account":true,"footnotes":""},"class_list":["post-1752","page","type-page","status-publish","hentry"],"yoast_head":"<!-- This site is optimized with the Yoast SEO plugin v26.8 - https:\/\/yoast.com\/product\/yoast-seo-wordpress\/ -->\n<title>Broneeri seanss | Cosmic Shepherdess<\/title>\n<meta name=\"robots\" content=\"index, follow, max-snippet:-1, max-image-preview:large, max-video-preview:-1\" \/>\n<link rel=\"canonical\" href=\"https:\/\/cosmicshepherdess.com\/et\/broneeri-seanss\/\" \/>\n<meta property=\"og:locale\" content=\"et_EE\" \/>\n<meta property=\"og:type\" content=\"article\" \/>\n<meta property=\"og:title\" content=\"Broneeri seanss | Cosmic Shepherdess\" \/>\n<meta property=\"og:description\" content=\"Avasta oma alateadvuse v\u00e4gi Broneeri seanss Su Hing kutsub Sind s\u00fcgavamale \u2013 tervenemise, selguse ja sisemise muutuse poole.Olgu Su kutseks hingeline juhatus l\u00e4bi kanaldamise v\u00f5i v\u00f5imsad muutused kvanttervenduse kaudu \u2013 iga sessioon on ainulaadselt h\u00e4\u00e4lestatud just Sinu teekonnale. Vabasta piiravad uskumused, aktiveeri oma v\u00e4gi ja h\u00e4\u00e4lestu oma k\u00f5rgemale teerajale. Kas oled valmis? NB! Kui Sa [&hellip;]\" \/>\n<meta property=\"og:url\" content=\"https:\/\/cosmicshepherdess.com\/et\/broneeri-seanss\/\" \/>\n<meta property=\"og:site_name\" content=\"Cosmic Shepherdess\" \/>\n<meta property=\"article:modified_time\" content=\"2026-02-02T06:33:21+00:00\" \/>\n<meta name=\"twitter:card\" content=\"summary_large_image\" \/>\n<meta name=\"twitter:label1\" content=\"Est. reading time\" \/>\n\t<meta name=\"twitter:data1\" content=\"1 minut\" \/>\n<script type=\"application\/ld+json\" class=\"yoast-schema-graph\">{\"@context\":\"https:\/\/schema.org\",\"@graph\":[{\"@type\":\"WebPage\",\"@id\":\"https:\/\/cosmicshepherdess.com\/et\/broneeri-seanss\/\",\"url\":\"https:\/\/cosmicshepherdess.com\/et\/broneeri-seanss\/\",\"name\":\"Broneeri seanss | Cosmic Shepherdess\",\"isPartOf\":{\"@id\":\"https:\/\/cosmicshepherdess.com\/et\/#website\"},\"datePublished\":\"2025-03-20T15:20:31+00:00\",\"dateModified\":\"2026-02-02T06:33:21+00:00\",\"breadcrumb\":{\"@id\":\"https:\/\/cosmicshepherdess.com\/et\/broneeri-seanss\/#breadcrumb\"},\"inLanguage\":\"et\",\"potentialAction\":[{\"@type\":\"ReadAction\",\"target\":[\"https:\/\/cosmicshepherdess.com\/et\/broneeri-seanss\/\"]}]},{\"@type\":\"BreadcrumbList\",\"@id\":\"https:\/\/cosmicshepherdess.com\/et\/broneeri-seanss\/#breadcrumb\",\"itemListElement\":[{\"@type\":\"ListItem\",\"position\":1,\"name\":\"Home\",\"item\":\"https:\/\/cosmicshepherdess.com\/et\/\"},{\"@type\":\"ListItem\",\"position\":2,\"name\":\"Broneeri seanss\"}]},{\"@type\":\"WebSite\",\"@id\":\"https:\/\/cosmicshepherdess.com\/et\/#website\",\"url\":\"https:\/\/cosmicshepherdess.com\/et\/\",\"name\":\"Cosmic Shepherdess\",\"description\":\"Energy healing and channeling\",\"potentialAction\":[{\"@type\":\"SearchAction\",\"target\":{\"@type\":\"EntryPoint\",\"urlTemplate\":\"https:\/\/cosmicshepherdess.com\/et\/?s={search_term_string}\"},\"query-input\":{\"@type\":\"PropertyValueSpecification\",\"valueRequired\":true,\"valueName\":\"search_term_string\"}}],\"inLanguage\":\"et\"}]}<\/script>\n<!-- \/ Yoast SEO plugin. -->","yoast_head_json":{"title":"Broneeri seanss | Cosmic Shepherdess","robots":{"index":"index","follow":"follow","max-snippet":"max-snippet:-1","max-image-preview":"max-image-preview:large","max-video-preview":"max-video-preview:-1"},"canonical":"https:\/\/cosmicshepherdess.com\/et\/broneeri-seanss\/","og_locale":"et_EE","og_type":"article","og_title":"Broneeri seanss | Cosmic Shepherdess","og_description":"Avasta oma alateadvuse v\u00e4gi Broneeri seanss Su Hing kutsub Sind s\u00fcgavamale \u2013 tervenemise, selguse ja sisemise muutuse poole.Olgu Su kutseks hingeline juhatus l\u00e4bi kanaldamise v\u00f5i v\u00f5imsad muutused kvanttervenduse kaudu \u2013 iga sessioon on ainulaadselt h\u00e4\u00e4lestatud just Sinu teekonnale. Vabasta piiravad uskumused, aktiveeri oma v\u00e4gi ja h\u00e4\u00e4lestu oma k\u00f5rgemale teerajale. Kas oled valmis? NB! Kui Sa [&hellip;]","og_url":"https:\/\/cosmicshepherdess.com\/et\/broneeri-seanss\/","og_site_name":"Cosmic Shepherdess","article_modified_time":"2026-02-02T06:33:21+00:00","twitter_card":"summary_large_image","twitter_misc":{"Est. reading time":"1 minut"},"schema":{"@context":"https:\/\/schema.org","@graph":[{"@type":"WebPage","@id":"https:\/\/cosmicshepherdess.com\/et\/broneeri-seanss\/","url":"https:\/\/cosmicshepherdess.com\/et\/broneeri-seanss\/","name":"Broneeri seanss | Cosmic Shepherdess","isPartOf":{"@id":"https:\/\/cosmicshepherdess.com\/et\/#website"},"datePublished":"2025-03-20T15:20:31+00:00","dateModified":"2026-02-02T06:33:21+00:00","breadcrumb":{"@id":"https:\/\/cosmicshepherdess.com\/et\/broneeri-seanss\/#breadcrumb"},"inLanguage":"et","potentialAction":[{"@type":"ReadAction","target":["https:\/\/cosmicshepherdess.com\/et\/broneeri-seanss\/"]}]},{"@type":"BreadcrumbList","@id":"https:\/\/cosmicshepherdess.com\/et\/broneeri-seanss\/#breadcrumb","itemListElement":[{"@type":"ListItem","position":1,"name":"Home","item":"https:\/\/cosmicshepherdess.com\/et\/"},{"@type":"ListItem","position":2,"name":"Broneeri seanss"}]},{"@type":"WebSite","@id":"https:\/\/cosmicshepherdess.com\/et\/#website","url":"https:\/\/cosmicshepherdess.com\/et\/","name":"Cosmic Shepherdess","description":"Energy healing and channeling","potentialAction":[{"@type":"SearchAction","target":{"@type":"EntryPoint","urlTemplate":"https:\/\/cosmicshepherdess.com\/et\/?s={search_term_string}"},"query-input":{"@type":"PropertyValueSpecification","valueRequired":true,"valueName":"search_term_string"}}],"inLanguage":"et"}]}},"_links":{"self":[{"href":"https:\/\/cosmicshepherdess.com\/et\/wp-json\/wp\/v2\/pages\/1752","targetHints":{"allow":["GET"]}}],"collection":[{"href":"https:\/\/cosmicshepherdess.com\/et\/wp-json\/wp\/v2\/pages"}],"about":[{"href":"https:\/\/cosmicshepherdess.com\/et\/wp-json\/wp\/v2\/types\/page"}],"author":[{"embeddable":true,"href":"https:\/\/cosmicshepherdess.com\/et\/wp-json\/wp\/v2\/users\/2"}],"replies":[{"embeddable":true,"href":"https:\/\/cosmicshepherdess.com\/et\/wp-json\/wp\/v2\/comments?post=1752"}],"version-history":[{"count":12,"href":"https:\/\/cosmicshepherdess.com\/et\/wp-json\/wp\/v2\/pages\/1752\/revisions"}],"predecessor-version":[{"id":3213,"href":"https:\/\/cosmicshepherdess.com\/et\/wp-json\/wp\/v2\/pages\/1752\/revisions\/3213"}],"wp:attachment":[{"href":"https:\/\/cosmicshepherdess.com\/et\/wp-json\/wp\/v2\/media?parent=1752"}],"curies":[{"name":"wp","href":"https:\/\/api.w.org\/{rel}","templated":true}]}}